{"id":3398,"date":"2024-04-16T08:52:46","date_gmt":"2024-04-16T08:52:46","guid":{"rendered":"https:\/\/ampliaespaciocreativo.com\/?page_id=3398"},"modified":"2024-11-21T12:13:17","modified_gmt":"2024-11-21T12:13:17","slug":"identidad-corporativa-branding","status":"publish","type":"page","link":"https:\/\/ampliaespaciocreativo.com\/?page_id=3398","title":{"rendered":"Identidad Corporativa &#038; Branding"},"content":{"rendered":"\t\t<div data-elementor-type=\"wp-post\" data-elementor-id=\"3398\" class=\"elementor elementor-3398\" data-elementor-post-type=\"page\">\n\t\t\t\t\t\t<section class=\"elementor-section elementor-top-section elementor-element elementor-element-dlqkvtf elementor-section-boxed elementor-section-height-default elementor-section-height-default\" data-id=\"dlqkvtf\" data-element_type=\"section\" data-e-type=\"section\" data-settings=\"{&quot;background_background&quot;:&quot;classic&quot;}\">\n\t\t\t\t\t\t\t<div class=\"elementor-background-overlay\"><\/div>\n\t\t\t\t\t\t\t<div class=\"elementor-container elementor-column-gap-wider\">\n\t\t\t\t\t<div class=\"elementor-column elementor-col-100 elementor-top-column elementor-element elementor-element-mjqseux\" data-id=\"mjqseux\" data-element_type=\"column\" data-e-type=\"column\">\n\t\t\t<div class=\"elementor-widget-wrap elementor-element-populated\">\n\t\t\t\t\t\t<div class=\"elementor-element elementor-element-quf5kht elementor-widget-divider--view-line elementor-widget elementor-widget-divider\" data-id=\"quf5kht\" data-element_type=\"widget\" data-e-type=\"widget\" data-widget_type=\"divider.default\">\n\t\t\t\t<div class=\"elementor-widget-container\">\n\t\t\t\t\t\t\t<div class=\"elementor-divider\">\n\t\t\t<span class=\"elementor-divider-separator\">\n\t\t\t\t\t\t<\/span>\n\t\t<\/div>\n\t\t\t\t\t\t<\/div>\n\t\t\t\t<\/div>\n\t\t\t\t<div class=\"elementor-element elementor-element-7329b21 elementor-widget elementor-widget-heading\" data-id=\"7329b21\" data-element_type=\"widget\" data-e-type=\"widget\" data-widget_type=\"heading.default\">\n\t\t\t\t<div class=\"elementor-widget-container\">\n\t\t\t\t\t<h3 class=\"elementor-heading-title elementor-size-default\">Dando vida a las marcas<\/h3>\t\t\t\t<\/div>\n\t\t\t\t<\/div>\n\t\t\t\t<div class=\"elementor-element elementor-element-oikyzxq elementor-widget elementor-widget-heading\" data-id=\"oikyzxq\" data-element_type=\"widget\" data-e-type=\"widget\" data-widget_type=\"heading.default\">\n\t\t\t\t<div class=\"elementor-widget-container\">\n\t\t\t\t\t<h1 class=\"elementor-heading-title elementor-size-default\">Identidad corporativa &amp; Branding<\/h1>\t\t\t\t<\/div>\n\t\t\t\t<\/div>\n\t\t\t\t\t<\/div>\n\t\t<\/div>\n\t\t\t\t\t<\/div>\n\t\t<\/section>\n\t\t<div class=\"elementor-element elementor-element-b4b7886 e-flex e-con-boxed e-con e-parent\" data-id=\"b4b7886\" data-element_type=\"container\" data-e-type=\"container\">\n\t\t\t\t\t<div class=\"e-con-inner\">\n\t\t<div class=\"elementor-element elementor-element-5958248 e-con-full e-flex e-con e-child\" data-id=\"5958248\" data-element_type=\"container\" data-e-type=\"container\">\n\t\t\t\t<div class=\"elementor-element elementor-element-2984d68 elementor-widget elementor-widget-image\" data-id=\"2984d68\" data-element_type=\"widget\" data-e-type=\"widget\" data-widget_type=\"image.default\">\n\t\t\t\t<div class=\"elementor-widget-container\">\n\t\t\t\t\t\t\t\t\t\t\t\t\t\t\t<img fetchpriority=\"high\" decoding=\"async\" width=\"1024\" height=\"1024\" src=\"https:\/\/ampliaespaciocreativo.com\/wp-content\/uploads\/2024\/11\/3-REMESUR-1024x1024.png\" class=\"attachment-large size-large wp-image-3476\" alt=\"\" srcset=\"https:\/\/ampliaespaciocreativo.com\/wp-content\/uploads\/2024\/11\/3-REMESUR-1024x1024.png 1024w, https:\/\/ampliaespaciocreativo.com\/wp-content\/uploads\/2024\/11\/3-REMESUR-300x300.png 300w, https:\/\/ampliaespaciocreativo.com\/wp-content\/uploads\/2024\/11\/3-REMESUR-150x150.png 150w, https:\/\/ampliaespaciocreativo.com\/wp-content\/uploads\/2024\/11\/3-REMESUR-768x768.png 768w, https:\/\/ampliaespaciocreativo.com\/wp-content\/uploads\/2024\/11\/3-REMESUR.png 1080w\" sizes=\"(max-width: 1024px) 100vw, 1024px\" \/>\t\t\t\t\t\t\t\t\t\t\t\t\t\t\t<\/div>\n\t\t\t\t<\/div>\n\t\t\t\t<\/div>\n\t\t<div class=\"elementor-element elementor-element-29c7feb e-con-full e-flex e-con e-child\" data-id=\"29c7feb\" data-element_type=\"container\" data-e-type=\"container\">\n\t\t\t\t<div class=\"elementor-element elementor-element-afb60bb elementor-widget elementor-widget-text-editor\" data-id=\"afb60bb\" data-element_type=\"widget\" data-e-type=\"widget\" data-widget_type=\"text-editor.default\">\n\t\t\t\t<div class=\"elementor-widget-container\">\n\t\t\t\t\t\t\t\t\t<p><strong>Dise\u00f1o Gr\u00e1fico:<\/strong> Pensamos que el dise\u00f1o gr\u00e1fico es nuestro lenguaje universal. Desde la concepci\u00f3n de logotipos hasta la creaci\u00f3n de materiales promocionales, nuestro equipo de dise\u00f1adores expertos da vida a tus ideas con creatividad y originalidad.<\/p><p><strong>Identidad Visual Corporativa:<\/strong> Tu identidad visual corporativa es la esencia de tu marca. Desarrollamos una identidad visual coherente y memorable que refleje los valores y la personalidad de tu empresa, creando una conexi\u00f3n duradera con tu audiencia.<\/p><p><strong>Dise\u00f1o y Desarrollo Web:<\/strong> El mundo digital es el escenario principal para la interacci\u00f3n con tus clientes. Nuestro equipo especializado en dise\u00f1o y desarrollo web crea experiencias digitales cautivadoras y funcionales que potencian tu presencia en l\u00ednea y generan resultados tangibles.<\/p><p><strong>Branding:<\/strong> El branding es mucho m\u00e1s que un logo; es la construcci\u00f3n de una experiencia emocional con tu marca. En Ampl\u00eda Espacio Creativo desarrollamos estrategias de branding s\u00f3lidas que fortalecen la percepci\u00f3n de tu marca y la diferencian en un mercado competitivo.<\/p><p><strong>Carteler\u00eda, Papeler\u00eda &amp; Packaging:<\/strong> Cada punto de contacto con tu marca es una oportunidad para dejar una impresi\u00f3n duradera. Desde carteles llamativos hasta packaging innovador, en Ampl\u00eda Espacio Creativo dise\u00f1amos materiales que destacan y cautivan, elevando la experiencia del cliente.<\/p>\t\t\t\t\t\t\t\t<\/div>\n\t\t\t\t<\/div>\n\t\t\t\t<\/div>\n\t\t\t\t\t<\/div>\n\t\t\t\t<\/div>\n\t\t\t\t<section class=\"elementor-section elementor-top-section elementor-element elementor-element-00fba2a elementor-section-boxed elementor-section-height-default elementor-section-height-default\" data-id=\"00fba2a\" data-element_type=\"section\" data-e-type=\"section\" data-settings=\"{&quot;background_background&quot;:&quot;classic&quot;}\">\n\t\t\t\t\t\t<div class=\"elementor-container elementor-column-gap-default\">\n\t\t\t\t\t<div class=\"elementor-column elementor-col-100 elementor-top-column elementor-element elementor-element-3d79c81\" data-id=\"3d79c81\" data-element_type=\"column\" data-e-type=\"column\">\n\t\t\t<div class=\"elementor-widget-wrap elementor-element-populated\">\n\t\t\t\t\t\t<div class=\"elementor-element elementor-element-c93651e elementor-widget-divider--view-line elementor-widget elementor-widget-divider\" data-id=\"c93651e\" data-element_type=\"widget\" data-e-type=\"widget\" data-widget_type=\"divider.default\">\n\t\t\t\t<div class=\"elementor-widget-container\">\n\t\t\t\t\t\t\t<div class=\"elementor-divider\">\n\t\t\t<span class=\"elementor-divider-separator\">\n\t\t\t\t\t\t<\/span>\n\t\t<\/div>\n\t\t\t\t\t\t<\/div>\n\t\t\t\t<\/div>\n\t\t\t\t<div class=\"elementor-element elementor-element-d68e724 elementor-widget elementor-widget-heading\" data-id=\"d68e724\" data-element_type=\"widget\" data-e-type=\"widget\" data-widget_type=\"heading.default\">\n\t\t\t\t<div class=\"elementor-widget-container\">\n\t\t\t\t\t<h2 class=\"elementor-heading-title elementor-size-default\">No seas t\u00edmido\/a, escr\u00edbenos  \ud83d\ude09<\/h2>\t\t\t\t<\/div>\n\t\t\t\t<\/div>\n\t\t\t\t<div class=\"elementor-element elementor-element-acf3c76 elementor-align-center elementor-widget elementor-widget-button\" data-id=\"acf3c76\" data-element_type=\"widget\" data-e-type=\"widget\" data-widget_type=\"button.default\">\n\t\t\t\t<div class=\"elementor-widget-container\">\n\t\t\t\t\t\t\t\t\t<div class=\"elementor-button-wrapper\">\n\t\t\t\t\t<a class=\"elementor-button elementor-button-link elementor-size-sm elementor-animation-float\" href=\"#\">\n\t\t\t\t\t\t<span class=\"elementor-button-content-wrapper\">\n\t\t\t\t\t\t\t\t\t<span class=\"elementor-button-text\">Contacto<\/span>\n\t\t\t\t\t<\/span>\n\t\t\t\t\t<\/a>\n\t\t\t\t<\/div>\n\t\t\t\t\t\t\t\t<\/div>\n\t\t\t\t<\/div>\n\t\t\t\t\t<\/div>\n\t\t<\/div>\n\t\t\t\t\t<\/div>\n\t\t<\/section>\n\t\t\t\t<\/div>\n\t\t","protected":false},"excerpt":{"rendered":"<p>Dando vida a las marcas Identidad corporativa &amp; Branding Dise\u00f1o Gr\u00e1fico: Pensamos que el dise\u00f1o gr\u00e1fico es nuestro lenguaje universal. Desde la concepci\u00f3n de logotipos hasta la creaci\u00f3n de materiales promocionales, nuestro equipo de dise\u00f1adores expertos da vida a tus ideas con creatividad y originalidad. Identidad Visual Corporativa: Tu identidad visual corporativa es la esencia [&hellip;]<\/p>\n","protected":false},"author":1,"featured_media":0,"parent":0,"menu_order":0,"comment_status":"closed","ping_status":"closed","template":"","meta":{"site-sidebar-layout":"no-sidebar","site-content-layout":"page-builder","ast-site-content-layout":"","site-content-style":"default","site-sidebar-style":"default","ast-global-header-display":"","ast-banner-title-visibility":"","ast-main-header-display":"","ast-hfb-above-header-display":"","ast-hfb-below-header-display":"","ast-hfb-mobile-header-display":"","site-post-title":"disabled","ast-breadcrumbs-content":"","ast-featured-img":"disabled","footer-sml-layout":"","theme-transparent-header-meta":"enabled","adv-header-id-meta":"","stick-header-meta":"","header-above-stick-meta":"","header-main-stick-meta":"","header-below-stick-meta":"","astra-migrate-meta-layouts":"default","ast-page-background-enabled":"default","ast-page-background-meta":{"desktop":{"background-color":"","background-image":"","background-repeat":"repeat","background-position":"center center","background-size":"auto","background-attachment":"scroll","background-type":"","background-media":"","overlay-type":"","overlay-color":"","overlay-gradient":""},"tablet":{"background-color":"","background-image":"","background-repeat":"repeat","background-position":"center center","background-size":"auto","background-attachment":"scroll","background-type":"","background-media":"","overlay-type":"","overlay-color":"","overlay-gradient":""},"mobile":{"background-color":"","background-image":"","background-repeat":"repeat","background-position":"center center","background-size":"auto","background-attachment":"scroll","background-type":"","background-media":"","overlay-type":"","overlay-color":"","overlay-gradient":""}},"ast-content-background-meta":{"desktop":{"background-color":"var(--ast-global-color-5)","background-image":"","background-repeat":"repeat","background-position":"center center","background-size":"auto","background-attachment":"scroll","background-type":"","background-media":"","overlay-type":"","overlay-color":"","overlay-gradient":""},"tablet":{"background-color":"var(--ast-global-color-5)","background-image":"","background-repeat":"repeat","background-position":"center center","background-size":"auto","background-attachment":"scroll","background-type":"","background-media":"","overlay-type":"","overlay-color":"","overlay-gradient":""},"mobile":{"background-color":"var(--ast-global-color-5)","background-image":"","background-repeat":"repeat","background-position":"center center","background-size":"auto","background-attachment":"scroll","background-type":"","background-media":"","overlay-type":"","overlay-color":"","overlay-gradient":""}},"footnotes":""},"class_list":["post-3398","page","type-page","status-publish","hentry"],"_links":{"self":[{"href":"https:\/\/ampliaespaciocreativo.com\/index.php?rest_route=\/wp\/v2\/pages\/3398","targetHints":{"allow":["GET"]}}],"collection":[{"href":"https:\/\/ampliaespaciocreativo.com\/index.php?rest_route=\/wp\/v2\/pages"}],"about":[{"href":"https:\/\/ampliaespaciocreativo.com\/index.php?rest_route=\/wp\/v2\/types\/page"}],"author":[{"embeddable":true,"href":"https:\/\/ampliaespaciocreativo.com\/index.php?rest_route=\/wp\/v2\/users\/1"}],"replies":[{"embeddable":true,"href":"https:\/\/ampliaespaciocreativo.com\/index.php?rest_route=%2Fwp%2Fv2%2Fcomments&post=3398"}],"version-history":[{"count":10,"href":"https:\/\/ampliaespaciocreativo.com\/index.php?rest_route=\/wp\/v2\/pages\/3398\/revisions"}],"predecessor-version":[{"id":3479,"href":"https:\/\/ampliaespaciocreativo.com\/index.php?rest_route=\/wp\/v2\/pages\/3398\/revisions\/3479"}],"wp:attachment":[{"href":"https:\/\/ampliaespaciocreativo.com\/index.php?rest_route=%2Fwp%2Fv2%2Fmedia&parent=3398"}],"curies":[{"name":"wp","href":"https:\/\/api.w.org\/{rel}","templated":true}]}}